{"id":30,"date":"2013-11-19T21:03:58","date_gmt":"2013-11-19T20:03:58","guid":{"rendered":"http:\/\/obscuraphoto.eu\/WordPress3\/?page_id=30"},"modified":"2015-07-05T16:33:38","modified_gmt":"2015-07-05T14:33:38","slug":"o-nas","status":"publish","type":"page","link":"https:\/\/obscuraphoto.eu\/WordPress3\/o-nas\/","title":{"rendered":"O NAS"},"content":{"rendered":"<table width=\"1024\" cellspacing=\"0\" cellpadding=\"0\">\n<tbody>\n<tr>\n<td colspan=\"4\" width=\"1024\">\n<p style=\"text-align: center;\" align=\"RIGHT\"><span style=\"font-size: large;\"><b>&#8222;OBSCURA&#8221; &#8211; zeszyty fotograficzne PFFiAST, DSAFiTA<\/b> &#8211; ISSN 1643-5354<br \/>\n<span id=\"result_box\" class=\"\" lang=\"en\"><span class=\"hps atn\">[&#8222;<\/span>OBSCURA&#8221; <span class=\"hps\">&#8211;<\/span> <span class=\"hps\">Photographic<\/span> <span class=\"hps\">letters<\/span> <span class=\"hps\">PFFiAST<\/span>, <span class=\"hps\">DSAFiTA<\/span> <span class=\"hps\">&#8211;<\/span> <span class=\"hps\">ISSN<\/span> <span class=\"hps\">1643-5354]<\/span> <\/span><br \/>\n<\/span><\/p>\n<\/td>\n<\/tr>\n<tr>\n<td colspan=\"4\" width=\"1024\">\n<p style=\"text-align: center;\" align=\"RIGHT\"><strong>ADRES REDAKCJI, SIEDZIBA STOWARZYSZENIA i GALERII FOTOGRAFII SAFiTA<\/strong>: <span style=\"font-size: small;\"><b>ul. Paw\u0142a W\u0142odkowica 31, 50-072 Wroc\u0142aw<br \/>\n<span id=\"result_box\" class=\"\" lang=\"en\"><span class=\"hps\">[EDITORIAL<\/span> <span class=\"hps\">ADDRESS<\/span>, <span class=\"hps\">OFFICE<\/span> <span class=\"hps\">OF THE ASSOCIATION<\/span> <span class=\"hps\">PHOTO<\/span> <span class=\"hps\">GALLERY<\/span> <span class=\"hps\">Safita<\/span>: <span class=\"hps\">Paul<\/span> <span class=\"hps\">W\u0142odkowica str.<\/span> <span class=\"hps\">31<\/span>, <span class=\"hps\">50-072<\/span> <span class=\"hps\">Wroclaw, Poland<\/span><\/span>]<br \/>\n<\/b><\/span><\/p>\n<\/td>\n<\/tr>\n<tr>\n<td colspan=\"4\" width=\"1024\">\n<p align=\"CENTER\"><span style=\"font-size: medium;\"><b>Adres korespondencyjny:<br \/>\n[<span id=\"result_box\" class=\"\" lang=\"en\"><span class=\"hps\">Address<\/span> <span class=\"hps\">for correspondence:<\/span><\/span>]<br \/>\n&#8222;OBSCURA&#8221; &#8211; zeszyty fotograficzne PFFiAST, DSAFiTA<br \/>\nSkr.Poczt 856, 50-000 WROC\u0141AW 68<br \/>\ntel. 071 344 57 92 we wtorki, czwartki 16.00 &#8211; 18.00<\/b><\/span><br \/>\n<b>Kontakt internetowy: obscura.redakcja@gmail.com\u00a0 info@obscuraphoto.eu<br \/>\n[E-mail: obscura.redakcja@gmail.com\u00a0 info@obscuraphoto.eu]<br \/>\n<\/b><\/p>\n<\/td>\n<\/tr>\n<tr>\n<td colspan=\"4\" width=\"1024\"><\/td>\n<\/tr>\n<tr>\n<td colspan=\"4\" bgcolor=\"#007cc3\" width=\"1024\"><\/td>\n<\/tr>\n<tr>\n<td colspan=\"4\" width=\"1024\">\n<p align=\"CENTER\"><b>REDAKCJA:<br \/>\n[EDITORS]<br \/>\n<\/b><\/p>\n<\/td>\n<\/tr>\n<tr>\n<td colspan=\"4\" bgcolor=\"#007cc3\" width=\"1024\"><\/td>\n<\/tr>\n<tr>\n<td width=\"217\">\n<p align=\"RIGHT\"><span style=\"font-size: small;\"><b>REDAKTOR NACZELNY:<br \/>\n<\/b><\/span><\/p>\n<p align=\"RIGHT\"><span style=\"font-size: small;\"><b>Z-CA REDAKTORA NACZELNEGO:<br \/>\n<\/b><\/span><\/p>\n<p align=\"RIGHT\"><span style=\"font-size: small;\"><b> REDAKTOR TECHNICZNY:<\/b><\/span><\/p>\n<\/td>\n<td width=\"11\"><\/td>\n<td width=\"755\"><span style=\"font-size: small;\"><i><b>Zbigniew Stok\u0142osa (cz\u0142onek Stowarzyszenie Dziennikarzy Rzeczypospolitej Polskiej)<br \/>\n<\/b><\/i><\/span><span style=\"font-size: small;\"><i><b>Andrzej Ma\u0142yszko (cz\u0142onek Stowarzyszenie Dziennikarzy Rzeczypospolitej Polskiej)<br \/>\n<\/b><\/i><\/span><span style=\"font-size: small;\"><i><b>Arkadiusz Cebula (cz\u0142onek Stowarzyszenie Dziennikarzy Rzeczypospolitej Polskiej)<br \/>\n<\/b><\/i><\/span><\/td>\n<td width=\"41\"><\/td>\n<\/tr>\n<tr>\n<td colspan=\"4\" bgcolor=\"#007cc3\" width=\"1024\"><\/td>\n<\/tr>\n<tr>\n<td colspan=\"3\" width=\"983\">\n<p align=\"CENTER\"><span style=\"font-size: small;\"><b>Stali Wsp\u00f3\u0142pracownicy:<br \/>\n<i>Ewa Gnus (cz\u0142onek Stowarzyszenie Dziennikarzy Rzeczypospolitej Polskiej),<br \/>\nJ\u00f3zefina Weronika Stok\u0142osa,<br \/>\nWac\u0142aw Kopytnik (cz\u0142onek Stowarzyszenie Dziennikarzy Rzeczypospolitej Polskiej),<br \/>\nFreddy Mary &#8211; Belgia, Jean-Marie Nols &#8211; Belgia,<br \/>\nNorbert Smyk &#8211; Niemcy \/ Germany<br \/>\n(Cz\u0142onek Stowarzyszenia Dziennikarzy Rzeczypospolitej Polskiej \/ Member of the Association of Journalists of the Republic of Polish),<br \/>\nAtsuko Livoti &#8211; Mogi &#8211; Szwajcaria \u00a0i Japonia<br \/>\nJoanna Motylska &#8211; Komsta<br \/>\n<\/i><\/b><\/span><\/p>\n<\/td>\n<td width=\"41\"><\/td>\n<\/tr>\n<tr>\n<td colspan=\"4\" bgcolor=\"#007cc3\" width=\"1024\"><\/td>\n<\/tr>\n<tr>\n<td colspan=\"3\" width=\"983\">\n<p align=\"CENTER\"><span style=\"font-size: small;\"><b>Korekta:<br \/>\nJ\u00f3zefina Weronika Stok\u0142osa<\/b><\/span><\/p>\n<\/td>\n<td width=\"41\"><\/td>\n<\/tr>\n<tr>\n<td colspan=\"4\" bgcolor=\"#007cc3\" width=\"1024\"><\/td>\n<\/tr>\n<tr>\n<td colspan=\"3\" width=\"983\">\n<p align=\"CENTER\"><span style=\"font-size: small;\"><b>Wydawca<br \/>\nDolno\u015bl\u0105skie Stowarzyszenie Artyst\u00f3w<br \/>\nFotografik\u00f3w i Tw\u00f3rc\u00f3w Audiowizualnych<\/b><\/span><\/p>\n<\/td>\n<td width=\"41\"><\/td>\n<\/tr>\n<tr>\n<td colspan=\"4\" bgcolor=\"#007cc3\" width=\"1024\"><\/td>\n<\/tr>\n<tr>\n<td colspan=\"3\" width=\"983\">\n<p align=\"CENTER\"><span style=\"font-size: small;\"><b>Konto Wydawcy:<br \/>\nBank Zachodni WBK S.A.<br \/>\nI Oddzia\u0142 we Wroc\u0142awiu<br \/>\nNr 94 1090 2398 0000 0006 0801 7849<\/b><\/span><\/p>\n<\/td>\n<td width=\"41\"><\/td>\n<\/tr>\n<tr>\n<td colspan=\"4\" bgcolor=\"#007cc3\" width=\"1024\"><\/td>\n<\/tr>\n<tr>\n<td colspan=\"3\" width=\"983\">\n<p align=\"CENTER\"><span style=\"font-size: small;\"><b>Kolporta\u017c:<br \/>\nDolno\u015bl\u0105skie Stowarzyszenie Artyst\u00f3w<br \/>\nFotografik\u00f3w i Tw\u00f3rc\u00f3w Audiowizualnych<\/b><\/span><\/p>\n<\/td>\n<td valign=\"TOP\" width=\"41\"><\/td>\n<\/tr>\n<\/tbody>\n<\/table>\n","protected":false},"excerpt":{"rendered":"<p>&#8222;OBSCURA&#8221; &#8211; zeszyty fotograficzne PFFiAST, DSAFiTA &#8211; ISSN 1643-5354 [&#8222;OBSCURA&#8221; &#8211; Photographic letters PFFiAST, DSAFiTA &#8211; ISSN 1643-5354] ADRES REDAKCJI, SIEDZIBA STOWARZYSZENIA i GALERII FOTOGRAFII SAFiTA: ul. Paw\u0142a W\u0142odkowica 31, 50-072 Wroc\u0142aw [EDITORIAL ADDRESS, OFFICE OF THE ASSOCIATION PHOTO GALLERY Safita: Paul W\u0142odkowica str. 31, 50-072 Wroclaw, Poland] Adres korespondencyjny: [Address for correspondence:] &#8222;OBSCURA&#8221; &#8211; [&hellip;]<\/p>\n","protected":false},"author":1,"featured_media":0,"parent":0,"menu_order":0,"comment_status":"open","ping_status":"open","template":"","meta":{"ngg_post_thumbnail":0,"footnotes":""},"class_list":["post-30","page","type-page","status-publish","hentry"],"_links":{"self":[{"href":"https:\/\/obscuraphoto.eu\/WordPress3\/wp-json\/wp\/v2\/pages\/30","targetHints":{"allow":["GET"]}}],"collection":[{"href":"https:\/\/obscuraphoto.eu\/WordPress3\/wp-json\/wp\/v2\/pages"}],"about":[{"href":"https:\/\/obscuraphoto.eu\/WordPress3\/wp-json\/wp\/v2\/types\/page"}],"author":[{"embeddable":true,"href":"https:\/\/obscuraphoto.eu\/WordPress3\/wp-json\/wp\/v2\/users\/1"}],"replies":[{"embeddable":true,"href":"https:\/\/obscuraphoto.eu\/WordPress3\/wp-json\/wp\/v2\/comments?post=30"}],"version-history":[{"count":12,"href":"https:\/\/obscuraphoto.eu\/WordPress3\/wp-json\/wp\/v2\/pages\/30\/revisions"}],"predecessor-version":[{"id":1412,"href":"https:\/\/obscuraphoto.eu\/WordPress3\/wp-json\/wp\/v2\/pages\/30\/revisions\/1412"}],"wp:attachment":[{"href":"https:\/\/obscuraphoto.eu\/WordPress3\/wp-json\/wp\/v2\/media?parent=30"}],"curies":[{"name":"wp","href":"https:\/\/api.w.org\/{rel}","templated":true}]}}